{"id":725,"date":"2026-02-25T20:49:20","date_gmt":"2026-02-25T20:49:20","guid":{"rendered":"https:\/\/salsamusicplaylist.com\/?page_id=725"},"modified":"2026-02-25T21:01:42","modified_gmt":"2026-02-25T21:01:42","slug":"terms-conditions","status":"publish","type":"page","link":"https:\/\/salsamusicplaylist.com\/es\/terms-conditions\/","title":{"rendered":"Terms &#038; Conditions"},"content":{"rendered":"<div data-elementor-type=\"wp-page\" data-elementor-id=\"725\" class=\"elementor elementor-725\" data-elementor-post-type=\"page\">\n\t\t\t\t<div class=\"elementor-element elementor-element-5435d6d5 e-con-full e-flex e-con e-parent\" data-id=\"5435d6d5\" data-element_type=\"container\" data-e-type=\"container\">\n\t\t<div class=\"elementor-element elementor-element-af03f62 e-flex e-con-boxed e-con e-child\" data-id=\"af03f62\" data-element_type=\"container\" data-e-type=\"container\">\n\t\t\t\t\t<div class=\"e-con-inner\">\n\t\t\t\t<div class=\"elementor-element elementor-element-6ac10f97 elementor-widget elementor-widget-text-editor\" data-id=\"6ac10f97\" data-element_type=\"widget\" data-e-type=\"widget\" data-widget_type=\"text-editor.default\">\n\t\t\t\t\t\t\t\t\t<h2>T\u00e9rminos y condiciones<\/h2>\n<p><strong data-start=\"316\" data-end=\"333\">\u00daltima actualizaci\u00f3n:<\/strong> 25.02.2026<\/p>\n<p><!-- \/wp:heading --><!-- wp:paragraph --><!-- \/wp:paragraph --><!-- wp:heading --><\/p>\n<hr style=\"background-color: #ffffff; font-family: 'Open Sans', sans-serif; font-size: 18px; font-weight: 400;\" data-start=\"595\" data-end=\"598\" \/>\n<h3 data-start=\"323\" data-end=\"334\">\u00a0<\/h3>\n<h3 data-start=\"323\" data-end=\"334\">1. Alcance<\/h3>\n<p data-start=\"336\" data-end=\"410\">Estos T\u00e9rminos y Condiciones rigen el uso del sitio web de SalsaMusicPlaylist.<\/p>\n<p data-start=\"412\" data-end=\"464\">Al acceder a este sitio web, usted acepta estos t\u00e9rminos.<\/p>\n<hr data-start=\"466\" data-end=\"469\" \/>\n<h3 data-start=\"471\" data-end=\"485\">2. Operador<\/h3>\n<p data-start=\"487\" data-end=\"515\">Este sitio web es operado por:<\/p>\n<p data-start=\"517\" data-end=\"623\">Claude Fessel<br data-start=\"530\" data-end=\"533\" \/>F\u00f6hrlibuckstrasse 3<br data-start=\"552\" data-end=\"555\" \/>8600 D\u00fcbendorf<br data-start=\"569\" data-end=\"572\" \/>Suiza<br data-start=\"583\" data-end=\"586\" \/>Correo electr\u00f3nico: <a class=\"decorated-link cursor-pointer\" href=\"mailto:legal@salsamusicplaylist.com\" rel=\"noopener\" data-start=\"593\" data-end=\"621\">Correo electr\u00f3nico: legal@salsamusicplaylist.com<\/a><\/p>\n<p data-start=\"625\" data-end=\"694\">SalsaMusicPlaylist opera como empresa individual bajo la legislaci\u00f3n suiza.<\/p>\n<hr data-start=\"696\" data-end=\"699\" \/>\n<h3 data-start=\"701\" data-end=\"729\">3. Prop\u00f3sito del sitio web<\/h3>\n<p data-start=\"731\" data-end=\"838\">El sitio web proporciona informaci\u00f3n sobre la plataforma SalsaMusicPlaylist, su estructura y su desarrollo.<\/p>\n<p data-start=\"840\" data-end=\"888\">La plataforma se encuentra actualmente en fase de pre-lanzamiento.<\/p>\n<p data-start=\"890\" data-end=\"955\">A trav\u00e9s de este sitio web no se ofrece ning\u00fan servicio de transmisi\u00f3n de m\u00fasica en vivo.<\/p>\n<hr data-start=\"957\" data-end=\"960\" \/>\n<h3 data-start=\"962\" data-end=\"990\">4. Sin asesoramiento profesional<\/h3>\n<p data-start=\"992\" data-end=\"1048\">El contenido proporcionado es solo para fines informativos.<\/p>\n<p data-start=\"1050\" data-end=\"1125\">Nada en este sitio web constituye asesoramiento financiero, legal o de inversi\u00f3n.<\/p>\n<p data-start=\"1127\" data-end=\"1185\">Las conversaciones sobre inversiones se llevan a cabo por separado bajo un NDA.<\/p>\n<hr data-start=\"1187\" data-end=\"1190\" \/>\n<h3 data-start=\"1192\" data-end=\"1219\">5. Propiedad intelectual<\/h3>\n<p data-start=\"1221\" data-end=\"1260\">Todo el contenido de este sitio web, incluyendo:<\/p>\n<ul data-start=\"1262\" data-end=\"1346\">\n<li data-start=\"1262\" data-end=\"1268\">\n<p data-start=\"1264\" data-end=\"1268\">Texto<\/p>\n<\/li>\n<li data-start=\"1269\" data-end=\"1280\">\n<p data-start=\"1271\" data-end=\"1280\">Estructura<\/p>\n<\/li>\n<li data-start=\"1281\" data-end=\"1291\">\n<p data-start=\"1283\" data-end=\"1291\">Branding<\/p>\n<\/li>\n<li data-start=\"1292\" data-end=\"1299\">\n<p data-start=\"1294\" data-end=\"1299\">Logotipos<\/p>\n<\/li>\n<li data-start=\"1300\" data-end=\"1322\">\n<p data-start=\"1302\" data-end=\"1322\">Descripciones de conceptos<\/p>\n<\/li>\n<li data-start=\"1323\" data-end=\"1346\">\n<p data-start=\"1325\" data-end=\"1346\">La arquitectura de la plataforma<\/p>\n<\/li>\n<\/ul>\n<p data-start=\"1348\" data-end=\"1423\">son propiedad intelectual de SalsaMusicPlaylist, salvo que se indique lo contrario.<\/p>\n<p data-start=\"1425\" data-end=\"1499\">No se permite la reproducci\u00f3n ni redistribuci\u00f3n sin permiso por escrito.<\/p>\n<hr data-start=\"1501\" data-end=\"1504\" \/>\n<h3 data-start=\"1506\" data-end=\"1533\">6. Contribuciones de apoyo<\/h3>\n<p data-start=\"1535\" data-end=\"1571\">Las contribuciones de apoyo son voluntarias.<\/p>\n<p data-start=\"1573\" data-end=\"1636\">No representan participaci\u00f3n accionaria ni derechos de propiedad.<\/p>\n<p data-start=\"1638\" data-end=\"1747\">Los beneficios futuros de acceso Premium (si se mencionan) solo ser\u00e1n v\u00e1lidos una vez que se lancen las funciones correspondientes.<\/p>\n<p data-start=\"1749\" data-end=\"1783\">Los pagos se procesan a trav\u00e9s de PayPal.<\/p>\n<hr data-start=\"1785\" data-end=\"1788\" \/>\n<h3 data-start=\"1790\" data-end=\"1810\">7. Enlaces externos<\/h3>\n<p data-start=\"1812\" data-end=\"1865\">Este sitio web puede contener enlaces a plataformas externas.<\/p>\n<p data-start=\"1867\" data-end=\"1948\">No somos responsables del contenido ni de las pr\u00e1cticas de datos de sitios web de terceros.<\/p>\n<hr data-start=\"1950\" data-end=\"1953\" \/>\n<h3 data-start=\"1955\" data-end=\"1984\">8. Limitaci\u00f3n de responsabilidad<\/h3>\n<p data-start=\"1986\" data-end=\"2055\">En la medida permitida por la ley, el operador no ser\u00e1 responsable de:<\/p>\n<ul data-start=\"2057\" data-end=\"2152\">\n<li data-start=\"2057\" data-end=\"2075\">\n<p data-start=\"2059\" data-end=\"2075\">Da\u00f1os indirectos<\/p>\n<\/li>\n<li data-start=\"2076\" data-end=\"2099\">\n<p data-start=\"2078\" data-end=\"2099\">Da\u00f1os consecuentes<\/p>\n<\/li>\n<li data-start=\"2100\" data-end=\"2125\">\n<p data-start=\"2102\" data-end=\"2125\">Interrupciones t\u00e9cnicas<\/p>\n<\/li>\n<li data-start=\"2126\" data-end=\"2152\">\n<p data-start=\"2128\" data-end=\"2152\">Indisponibilidad temporal<\/p>\n<\/li>\n<\/ul>\n<hr data-start=\"2154\" data-end=\"2157\" \/>\n<h3 data-start=\"2159\" data-end=\"2178\">9. Ley aplicable<\/h3>\n<p data-start=\"2180\" data-end=\"2218\">Estos t\u00e9rminos se rigen por la ley suiza.<\/p>\n<p data-start=\"2220\" data-end=\"2255\">Lugar de jurisdicci\u00f3n: Suiza.<\/p>\n<hr data-start=\"2257\" data-end=\"2260\" \/>\n<h3 data-start=\"2262\" data-end=\"2282\">10. Modificaciones<\/h3>\n<p data-start=\"2284\" data-end=\"2323\">Estos t\u00e9rminos pueden actualizarse en cualquier momento.<\/p>\n<p data-start=\"2325\" data-end=\"2381\">La versi\u00f3n actual siempre se publica en este sitio web.<\/p>\t\t\t\t\t\t\t\t<\/div>\n\t\t\t\t\t<\/div>\n\t\t\t\t<\/div>\n\t\t\t\t<\/div>\n\t\t\t\t<\/div>","protected":false},"excerpt":{"rendered":"<p>Terms &amp; Conditions Last updated: 25.02.2026 \u00a0 1. Scope These Terms &amp; Conditions govern the use of the SalsaMusicPlaylist website. By accessing this website, you agree to these terms. 2. Operator This website is operated by: Claude FesselF\u00f6hrlibuckstrasse 38600 D\u00fcbendorfSwitzerlandEmail: legal@salsamusicplaylist.com SalsaMusicPlaylist operates as a sole proprietorship under Swiss law. 3. Purpose of the Website [&hellip;]<\/p>\n","protected":false},"author":1,"featured_media":0,"parent":0,"menu_order":0,"comment_status":"closed","ping_status":"closed","template":"","meta":{"footnotes":""},"class_list":["post-725","page","type-page","status-publish","hentry"],"_hostinger_reach_plugin_has_subscription_block":false,"_hostinger_reach_plugin_is_elementor":false,"_links":{"self":[{"href":"https:\/\/salsamusicplaylist.com\/es\/wp-json\/wp\/v2\/pages\/725","targetHints":{"allow":["GET"]}}],"collection":[{"href":"https:\/\/salsamusicplaylist.com\/es\/wp-json\/wp\/v2\/pages"}],"about":[{"href":"https:\/\/salsamusicplaylist.com\/es\/wp-json\/wp\/v2\/types\/page"}],"author":[{"embeddable":true,"href":"https:\/\/salsamusicplaylist.com\/es\/wp-json\/wp\/v2\/users\/1"}],"replies":[{"embeddable":true,"href":"https:\/\/salsamusicplaylist.com\/es\/wp-json\/wp\/v2\/comments?post=725"}],"version-history":[{"count":10,"href":"https:\/\/salsamusicplaylist.com\/es\/wp-json\/wp\/v2\/pages\/725\/revisions"}],"predecessor-version":[{"id":751,"href":"https:\/\/salsamusicplaylist.com\/es\/wp-json\/wp\/v2\/pages\/725\/revisions\/751"}],"wp:attachment":[{"href":"https:\/\/salsamusicplaylist.com\/es\/wp-json\/wp\/v2\/media?parent=725"}],"curies":[{"name":"wp","href":"https:\/\/api.w.org\/{rel}","templated":true}]}}