{"id":566,"date":"2026-02-23T18:01:18","date_gmt":"2026-02-23T18:01:18","guid":{"rendered":"https:\/\/salsamusicplaylist.com\/?page_id=566"},"modified":"2026-02-25T21:43:57","modified_gmt":"2026-02-25T21:43:57","slug":"dual-ai-verification","status":"publish","type":"page","link":"https:\/\/salsamusicplaylist.com\/es\/dual-ai-verification\/","title":{"rendered":"Verificaci\u00f3n Dual-AI"},"content":{"rendered":"<div data-elementor-type=\"wp-page\" data-elementor-id=\"566\" class=\"elementor elementor-566\" data-elementor-post-type=\"page\">\n\t\t\t\t<div class=\"elementor-element elementor-element-18406f1 e-con-full e-flex e-con e-parent\" data-id=\"18406f1\" data-element_type=\"container\" data-e-type=\"container\" data-settings=\"{&quot;background_background&quot;:&quot;classic&quot;}\">\n\t\t<div class=\"elementor-element elementor-element-78b149e e-flex e-con-boxed e-con e-child\" data-id=\"78b149e\" data-element_type=\"container\" data-e-type=\"container\">\n\t\t\t\t\t<div class=\"e-con-inner\">\n\t\t<div class=\"elementor-element elementor-element-0513e59 e-con-full e-flex e-con e-child\" data-id=\"0513e59\" data-element_type=\"container\" data-e-type=\"container\">\n\t\t\t\t<div class=\"elementor-element elementor-element-6ce0066 elementor-widget elementor-widget-heading\" data-id=\"6ce0066\" data-element_type=\"widget\" data-e-type=\"widget\" data-widget_type=\"heading.default\">\n\t\t\t\t\t<h2 class=\"elementor-heading-title elementor-size-default\">La m\u00fasica excepcional merece una estructura clara<\/h2>\t\t\t\t<\/div>\n\t\t\t\t<div class=\"elementor-element elementor-element-54c6df1 elementor-widget elementor-widget-text-editor\" data-id=\"54c6df1\" data-element_type=\"widget\" data-e-type=\"widget\" data-widget_type=\"text-editor.default\">\n\t\t\t\t\t\t\t\t\t<p>La salsa no es solo un g\u00e9nero musical. Es historia, identidad y un di\u00e1logo musical con muchas capas.<br data-start=\"911\" data-end=\"914\" \/>Preserving its depth at scale requires both human expertise and intelligent systems.<\/p>\t\t\t\t\t\t\t\t<\/div>\n\t\t\t\t<\/div>\n\t\t\t\t\t<\/div>\n\t\t\t\t<\/div>\n\t\t\t\t<\/div>\n\t\t<div class=\"elementor-element elementor-element-d87a269 e-con-full e-flex e-con e-parent\" data-id=\"d87a269\" data-element_type=\"container\" data-e-type=\"container\">\n\t\t<div class=\"elementor-element elementor-element-66c5f3e e-flex e-con-boxed e-con e-child\" data-id=\"66c5f3e\" data-element_type=\"container\" data-e-type=\"container\">\n\t\t\t\t\t<div class=\"e-con-inner\">\n\t\t<div class=\"elementor-element elementor-element-d1641a2 e-con-full e-flex e-con e-child\" data-id=\"d1641a2\" data-element_type=\"container\" data-e-type=\"container\">\n\t\t\t\t<div class=\"elementor-element elementor-element-55c1a66 elementor-widget elementor-widget-heading\" data-id=\"55c1a66\" data-element_type=\"widget\" data-e-type=\"widget\" data-widget_type=\"heading.default\">\n\t\t\t\t\t<h2 class=\"elementor-heading-title elementor-size-default\">Cuando la diversidad se convierte en un desaf\u00edo<\/h2>\t\t\t\t<\/div>\n\t\t\t\t<div class=\"elementor-element elementor-element-1928950 elementor-widget elementor-widget-text-editor\" data-id=\"1928950\" data-element_type=\"widget\" data-e-type=\"widget\" data-widget_type=\"text-editor.default\">\n\t\t\t\t\t\t\t\t\t<p data-start=\"1331\" data-end=\"1433\">Miles de grabaciones, distintas \u00e9pocas, evoluciones regionales, cambios de estilo y diversidad tem\u00e1tica. Documentar manualmente un conjunto as\u00ed llevar\u00eda a\u00f1os \u2014 y aun as\u00ed correr\u00eda el riesgo de ser inconsistente. Para preservar la integridad cultural a gran escala, la estructura no es opcional. Es esencial.<\/p>\t\t\t\t\t\t\t\t<\/div>\n\t\t\t\t<\/div>\n\t\t\t\t\t<\/div>\n\t\t\t\t<\/div>\n\t\t\t\t<\/div>\n\t\t<div class=\"elementor-element elementor-element-2fd118e e-con-full e-flex e-con e-parent\" data-id=\"2fd118e\" data-element_type=\"container\" data-e-type=\"container\" data-settings=\"{&quot;background_background&quot;:&quot;classic&quot;}\">\n\t\t<div class=\"elementor-element elementor-element-3398a58 e-flex e-con-boxed e-con e-child\" data-id=\"3398a58\" data-element_type=\"container\" data-e-type=\"container\">\n\t\t\t\t\t<div class=\"e-con-inner\">\n\t\t<div class=\"elementor-element elementor-element-3773ed3 e-flex e-con-boxed e-con e-child\" data-id=\"3773ed3\" data-element_type=\"container\" data-e-type=\"container\">\n\t\t\t\t\t<div class=\"e-con-inner\">\n\t\t\t\t<div class=\"elementor-element elementor-element-cf363e0 elementor-widget elementor-widget-heading\" data-id=\"cf363e0\" data-element_type=\"widget\" data-e-type=\"widget\" data-widget_type=\"heading.default\">\n\t\t\t\t\t<h2 class=\"elementor-heading-title elementor-size-default\">Infraestructura inteligente para la preservaci\u00f3n cultural<\/h2>\t\t\t\t<\/div>\n\t\t\t\t<div class=\"elementor-element elementor-element-46bb5b6 elementor-widget elementor-widget-text-editor\" data-id=\"46bb5b6\" data-element_type=\"widget\" data-e-type=\"widget\" data-widget_type=\"text-editor.default\">\n\t\t\t\t\t\t\t\t\t<p data-start=\"1971\" data-end=\"2106\">SalsaMusicPlaylist utiliza un sistema estructurado de verificaci\u00f3n Dual-AI para analizar grandes cat\u00e1logos musicales seg\u00fan dimensiones culturales claramente definidas.<\/p><p data-start=\"2108\" data-end=\"2256\">El sistema eval\u00faa el g\u00e9nero, el estilo de baile, la energ\u00eda, la \u00e9poca, el contexto regional y las capas tem\u00e1ticas \u2014 antes de que una clasificaci\u00f3n forme parte del archivo. La IA garantiza coherencia en miles de grabaciones. La curadur\u00eda humana protege la interpretaci\u00f3n y el significado.<\/p>\t\t\t\t\t\t\t\t<\/div>\n\t\t\t\t\t<\/div>\n\t\t\t\t<\/div>\n\t\t<div class=\"elementor-element elementor-element-4a41c47 e-flex e-con-boxed e-con e-child\" data-id=\"4a41c47\" data-element_type=\"container\" data-e-type=\"container\">\n\t\t\t\t\t<div class=\"e-con-inner\">\n\t\t\t\t<div class=\"elementor-element elementor-element-f8670f1 elementor-align-start elementor-tablet-align-start elementor-icon-list--layout-traditional elementor-list-item-link-full_width elementor-widget elementor-widget-icon-list\" data-id=\"f8670f1\" data-element_type=\"widget\" data-e-type=\"widget\" data-widget_type=\"icon-list.default\">\n\t\t\t\t\t\t\t<ul class=\"elementor-icon-list-items\">\n\t\t\t\t\t\t\t<li class=\"elementor-icon-list-item\">\n\t\t\t\t\t\t\t\t\t\t\t<span class=\"elementor-icon-list-icon\">\n\t\t\t\t\t\t\t<svg aria-hidden=\"true\" class=\"e-font-icon-svg e-fas-check\" viewbox=\"0 0 512 512\" xmlns=\"http:\/\/www.w3.org\/2000\/svg\"><path d=\"M173.898 439.404l-166.4-166.4c-9.997-9.997-9.997-26.206 0-36.204l36.203-36.204c9.997-9.998 26.207-9.998 36.204 0L192 312.69 432.095 72.596c9.997-9.997 26.207-9.997 36.204 0l36.203 36.204c9.997 9.997 9.997 26.206 0 36.204l-294.4 294.401c-9.998 9.997-26.207 9.997-36.204-.001z\"><\/path><\/svg>\t\t\t\t\t\t<\/span>\n\t\t\t\t\t\t\t\t\t\t<span class=\"elementor-icon-list-text\">Estructuraci\u00f3n de g\u00e9nero y subg\u00e9nero<\/span>\n\t\t\t\t\t\t\t\t\t<\/li>\n\t\t\t\t\t\t\t\t<li class=\"elementor-icon-list-item\">\n\t\t\t\t\t\t\t\t\t\t\t<span class=\"elementor-icon-list-icon\">\n\t\t\t\t\t\t\t<svg aria-hidden=\"true\" class=\"e-font-icon-svg e-fas-check\" viewbox=\"0 0 512 512\" xmlns=\"http:\/\/www.w3.org\/2000\/svg\"><path d=\"M173.898 439.404l-166.4-166.4c-9.997-9.997-9.997-26.206 0-36.204l36.203-36.204c9.997-9.998 26.207-9.998 36.204 0L192 312.69 432.095 72.596c9.997-9.997 26.207-9.997 36.204 0l36.203 36.204c9.997 9.997 9.997 26.206 0 36.204l-294.4 294.401c-9.998 9.997-26.207 9.997-36.204-.001z\"><\/path><\/svg>\t\t\t\t\t\t<\/span>\n\t\t\t\t\t\t\t\t\t\t<span class=\"elementor-icon-list-text\">Identificaci\u00f3n del estilo de baile<\/span>\n\t\t\t\t\t\t\t\t\t<\/li>\n\t\t\t\t\t\t\t\t<li class=\"elementor-icon-list-item\">\n\t\t\t\t\t\t\t\t\t\t\t<span class=\"elementor-icon-list-icon\">\n\t\t\t\t\t\t\t<svg aria-hidden=\"true\" class=\"e-font-icon-svg e-fas-check\" viewbox=\"0 0 512 512\" xmlns=\"http:\/\/www.w3.org\/2000\/svg\"><path d=\"M173.898 439.404l-166.4-166.4c-9.997-9.997-9.997-26.206 0-36.204l36.203-36.204c9.997-9.998 26.207-9.998 36.204 0L192 312.69 432.095 72.596c9.997-9.997 26.207-9.997 36.204 0l36.203 36.204c9.997 9.997 9.997 26.206 0 36.204l-294.4 294.401c-9.998 9.997-26.207 9.997-36.204-.001z\"><\/path><\/svg>\t\t\t\t\t\t<\/span>\n\t\t\t\t\t\t\t\t\t\t<span class=\"elementor-icon-list-text\">Mapeo del nivel de energ\u00eda<\/span>\n\t\t\t\t\t\t\t\t\t<\/li>\n\t\t\t\t\t\t\t\t<li class=\"elementor-icon-list-item\">\n\t\t\t\t\t\t\t\t\t\t\t<span class=\"elementor-icon-list-icon\">\n\t\t\t\t\t\t\t<svg aria-hidden=\"true\" class=\"e-font-icon-svg e-fas-check\" viewbox=\"0 0 512 512\" xmlns=\"http:\/\/www.w3.org\/2000\/svg\"><path d=\"M173.898 439.404l-166.4-166.4c-9.997-9.997-9.997-26.206 0-36.204l36.203-36.204c9.997-9.998 26.207-9.998 36.204 0L192 312.69 432.095 72.596c9.997-9.997 26.207-9.997 36.204 0l36.203 36.204c9.997 9.997 9.997 26.206 0 36.204l-294.4 294.401c-9.998 9.997-26.207 9.997-36.204-.001z\"><\/path><\/svg>\t\t\t\t\t\t<\/span>\n\t\t\t\t\t\t\t\t\t\t<span class=\"elementor-icon-list-text\">\u00c9poca y contexto regional<\/span>\n\t\t\t\t\t\t\t\t\t<\/li>\n\t\t\t\t\t\t\t\t<li class=\"elementor-icon-list-item\">\n\t\t\t\t\t\t\t\t\t\t\t<span class=\"elementor-icon-list-icon\">\n\t\t\t\t\t\t\t<svg aria-hidden=\"true\" class=\"e-font-icon-svg e-fas-check\" viewbox=\"0 0 512 512\" xmlns=\"http:\/\/www.w3.org\/2000\/svg\"><path d=\"M173.898 439.404l-166.4-166.4c-9.997-9.997-9.997-26.206 0-36.204l36.203-36.204c9.997-9.998 26.207-9.998 36.204 0L192 312.69 432.095 72.596c9.997-9.997 26.207-9.997 36.204 0l36.203 36.204c9.997 9.997 9.997 26.206 0 36.204l-294.4 294.401c-9.998 9.997-26.207 9.997-36.204-.001z\"><\/path><\/svg>\t\t\t\t\t\t<\/span>\n\t\t\t\t\t\t\t\t\t\t<span class=\"elementor-icon-list-text\">Categorizaci\u00f3n tem\u00e1tica<\/span>\n\t\t\t\t\t\t\t\t\t<\/li>\n\t\t\t\t\t\t\t\t<li class=\"elementor-icon-list-item\">\n\t\t\t\t\t\t\t\t\t\t\t<span class=\"elementor-icon-list-icon\">\n\t\t\t\t\t\t\t<svg aria-hidden=\"true\" class=\"e-font-icon-svg e-fas-check\" viewbox=\"0 0 512 512\" xmlns=\"http:\/\/www.w3.org\/2000\/svg\"><path d=\"M173.898 439.404l-166.4-166.4c-9.997-9.997-9.997-26.206 0-36.204l36.203-36.204c9.997-9.998 26.207-9.998 36.204 0L192 312.69 432.095 72.596c9.997-9.997 26.207-9.997 36.204 0l36.203 36.204c9.997 9.997 9.997 26.206 0 36.204l-294.4 294.401c-9.998 9.997-26.207 9.997-36.204-.001z\"><\/path><\/svg>\t\t\t\t\t\t<\/span>\n\t\t\t\t\t\t\t\t\t\t<span class=\"elementor-icon-list-text\">An\u00e1lisis de tempo y BPM<\/span>\n\t\t\t\t\t\t\t\t\t<\/li>\n\t\t\t\t\t\t<\/ul>\n\t\t\t\t\t\t<\/div>\n\t\t\t\t\t<\/div>\n\t\t\t\t<\/div>\n\t\t\t\t\t<\/div>\n\t\t\t\t<\/div>\n\t\t\t\t<\/div>\n\t\t<div class=\"elementor-element elementor-element-1cbeac0 e-con-full e-flex e-con e-parent\" data-id=\"1cbeac0\" data-element_type=\"container\" data-e-type=\"container\">\n\t\t<div class=\"elementor-element elementor-element-86be713 e-flex e-con-boxed e-con e-child\" data-id=\"86be713\" data-element_type=\"container\" data-e-type=\"container\">\n\t\t\t\t\t<div class=\"e-con-inner\">\n\t\t<div class=\"elementor-element elementor-element-8deabd9 e-con-full e-flex e-con e-child\" data-id=\"8deabd9\" data-element_type=\"container\" data-e-type=\"container\">\n\t\t\t\t<div class=\"elementor-element elementor-element-576a319 elementor-widget elementor-widget-heading\" data-id=\"576a319\" data-element_type=\"widget\" data-e-type=\"widget\" data-widget_type=\"heading.default\">\n\t\t\t\t\t<h2 class=\"elementor-heading-title elementor-size-default\">Un modelo dise\u00f1ado para la profundidad<\/h2>\t\t\t\t<\/div>\n\t\t\t\t<div class=\"elementor-element elementor-element-13fc89d elementor-widget elementor-widget-text-editor\" data-id=\"13fc89d\" data-element_type=\"widget\" data-e-type=\"widget\" data-widget_type=\"text-editor.default\">\n\t\t\t\t\t\t\t\t\t<p data-start=\"2948\" data-end=\"3126\">Aunque SMP est\u00e1 dedicado a la salsa excepcional, el enfoque estructurado que lo sustenta demuestra c\u00f3mo g\u00e9neros culturalmente complejos pueden documentarse con precisi\u00f3n y de forma escalable. El marco es adaptable \u2014 y al mismo tiempo est\u00e1 firmemente basado en el respeto por el patrimonio musical.<\/p>\t\t\t\t\t\t\t\t<\/div>\n\t\t\t\t<\/div>\n\t\t\t\t\t<\/div>\n\t\t\t\t<\/div>\n\t\t\t\t<\/div>\n\t\t<div class=\"elementor-element elementor-element-890ffda e-con-full e-flex e-con e-parent\" data-id=\"890ffda\" data-element_type=\"container\" data-e-type=\"container\" data-settings=\"{&quot;background_background&quot;:&quot;classic&quot;}\">\n\t\t<div class=\"elementor-element elementor-element-594e1d2 e-flex e-con-boxed e-con e-child\" data-id=\"594e1d2\" data-element_type=\"container\" data-e-type=\"container\">\n\t\t\t\t\t<div class=\"e-con-inner\">\n\t\t<div class=\"elementor-element elementor-element-a793edd e-flex e-con-boxed e-con e-child\" data-id=\"a793edd\" data-element_type=\"container\" data-e-type=\"container\">\n\t\t\t\t\t<div class=\"e-con-inner\">\n\t\t\t\t<div class=\"elementor-element elementor-element-df5f153 elementor-widget elementor-widget-heading\" data-id=\"df5f153\" data-element_type=\"widget\" data-e-type=\"widget\" data-widget_type=\"heading.default\">\n\t\t\t\t\t<h2 class=\"elementor-heading-title elementor-size-default\">Acceso privado para socios cualificados<\/h2>\t\t\t\t<\/div>\n\t\t\t\t<div class=\"elementor-element elementor-element-4a2f175 elementor-widget elementor-widget-text-editor\" data-id=\"4a2f175\" data-element_type=\"widget\" data-e-type=\"widget\" data-widget_type=\"text-editor.default\">\n\t\t\t\t\t\t\t\t\t<p data-start=\"3533\" data-end=\"3657\">La documentaci\u00f3n detallada de la arquitectura de verificaci\u00f3n estructurada y de la hoja de ruta de desarrollo a largo plazo est\u00e1 disponible bajo NDA.<\/p><p data-start=\"3659\" data-end=\"3804\">A socios institucionales e inversores cualificados les ofrecemos una visi\u00f3n del marco t\u00e9cnico y de la estrategia de escalabilidad que respalda la plataforma.<\/p><ul><li data-start=\"3659\" data-end=\"3804\">Arquitectura del sistema de verificaci\u00f3n dual<\/li><li data-start=\"3659\" data-end=\"3804\">Marco de taxonom\u00eda cerrado<\/li><li data-start=\"3659\" data-end=\"3804\">Metodolog\u00eda de resoluci\u00f3n de conflictos<\/li><li data-start=\"3659\" data-end=\"3804\">Dise\u00f1o escalable de la canalizaci\u00f3n de datos<\/li><li data-start=\"3659\" data-end=\"3804\">Estrategia de desarrollo propietaria a largo plazo<\/li><\/ul>\t\t\t\t\t\t\t\t<\/div>\n\t\t\t\t\t<\/div>\n\t\t\t\t<\/div>\n\t\t<div class=\"elementor-element elementor-element-dc629ee e-flex e-con-boxed e-con e-child\" data-id=\"dc629ee\" data-element_type=\"container\" data-e-type=\"container\">\n\t\t\t\t\t<div class=\"e-con-inner\">\n\t\t\t\t<div class=\"elementor-element elementor-element-05f4d08 elementor-widget elementor-widget-heading\" data-id=\"05f4d08\" data-element_type=\"widget\" data-e-type=\"widget\" data-widget_type=\"heading.default\">\n\t\t\t\t\t<h4 class=\"elementor-heading-title elementor-size-default\">Solicitar acceso privado<\/h4>\t\t\t\t<\/div>\n\t\t\t\t<div class=\"elementor-element elementor-element-815f70d elementor-widget elementor-widget-text-editor\" data-id=\"815f70d\" data-element_type=\"widget\" data-e-type=\"widget\" data-widget_type=\"text-editor.default\">\n\t\t\t\t\t\t\t\t\t<p>Recibe acceso a documentaci\u00f3n t\u00e9cnica y arquitect\u00f3nica detallada bajo NDA.<\/p>\t\t\t\t\t\t\t\t<\/div>\n\t\t\t\t<div class=\"elementor-element elementor-element-166e6f9 elementor-widget elementor-widget-button\" data-id=\"166e6f9\" data-element_type=\"widget\" data-e-type=\"widget\" data-widget_type=\"button.default\">\n\t\t\t\t\t\t\t\t\t\t<a class=\"elementor-button elementor-button-link elementor-size-sm\" href=\"\/es\/investor-access\/\">\n\t\t\t\t\t\t<span class=\"elementor-button-content-wrapper\">\n\t\t\t\t\t\t\t\t\t<span class=\"elementor-button-text\">Solicitar acceso bajo NDA<\/span>\n\t\t\t\t\t<\/span>\n\t\t\t\t\t<\/a>\n\t\t\t\t\t\t\t\t<\/div>\n\t\t\t\t\t<\/div>\n\t\t\t\t<\/div>\n\t\t\t\t\t<\/div>\n\t\t\t\t<\/div>\n\t\t\t\t<\/div>\n\t\t\t\t<\/div>","protected":false},"excerpt":{"rendered":"<p>Exceptional Music Deserves Exceptional Structure Salsa is not just a genre. It is history, identity, and layered musical dialogue.Preserving its depth at scale requires both human expertise and intelligent systems. The Challenge of Scale Thousands of recordings, multiple eras, regional evolutions, stylistic shifts, and thematic diversity. Documenting such a body of work manually would take [&hellip;]<\/p>\n","protected":false},"author":1,"featured_media":0,"parent":0,"menu_order":0,"comment_status":"closed","ping_status":"closed","template":"","meta":{"footnotes":""},"class_list":["post-566","page","type-page","status-publish","hentry"],"_hostinger_reach_plugin_has_subscription_block":false,"_hostinger_reach_plugin_is_elementor":false,"_links":{"self":[{"href":"https:\/\/salsamusicplaylist.com\/es\/wp-json\/wp\/v2\/pages\/566","targetHints":{"allow":["GET"]}}],"collection":[{"href":"https:\/\/salsamusicplaylist.com\/es\/wp-json\/wp\/v2\/pages"}],"about":[{"href":"https:\/\/salsamusicplaylist.com\/es\/wp-json\/wp\/v2\/types\/page"}],"author":[{"embeddable":true,"href":"https:\/\/salsamusicplaylist.com\/es\/wp-json\/wp\/v2\/users\/1"}],"replies":[{"embeddable":true,"href":"https:\/\/salsamusicplaylist.com\/es\/wp-json\/wp\/v2\/comments?post=566"}],"version-history":[{"count":13,"href":"https:\/\/salsamusicplaylist.com\/es\/wp-json\/wp\/v2\/pages\/566\/revisions"}],"predecessor-version":[{"id":788,"href":"https:\/\/salsamusicplaylist.com\/es\/wp-json\/wp\/v2\/pages\/566\/revisions\/788"}],"wp:attachment":[{"href":"https:\/\/salsamusicplaylist.com\/es\/wp-json\/wp\/v2\/media?parent=566"}],"curies":[{"name":"wp","href":"https:\/\/api.w.org\/{rel}","templated":true}]}}