{"id":3,"date":"2026-01-28T14:37:03","date_gmt":"2026-01-28T14:37:03","guid":{"rendered":"http:\/\/salsamusicplaylist.com\/?page_id=3"},"modified":"2026-02-25T21:01:40","modified_gmt":"2026-02-25T21:01:40","slug":"privacy-policy","status":"publish","type":"page","link":"https:\/\/salsamusicplaylist.com\/es\/privacy-policy\/","title":{"rendered":"Pol\u00edtica de privacidad"},"content":{"rendered":"<div data-elementor-type=\"wp-page\" data-elementor-id=\"3\" class=\"elementor elementor-3\" data-elementor-post-type=\"page\">\n\t\t\t\t<div class=\"elementor-element elementor-element-5435d6d5 e-con-full e-flex e-con e-parent\" data-id=\"5435d6d5\" data-element_type=\"container\" data-e-type=\"container\">\n\t\t<div class=\"elementor-element elementor-element-af03f62 e-flex e-con-boxed e-con e-child\" data-id=\"af03f62\" data-element_type=\"container\" data-e-type=\"container\">\n\t\t\t\t\t<div class=\"e-con-inner\">\n\t\t\t\t<div class=\"elementor-element elementor-element-6ac10f97 elementor-widget elementor-widget-text-editor\" data-id=\"6ac10f97\" data-element_type=\"widget\" data-e-type=\"widget\" data-widget_type=\"text-editor.default\">\n\t\t\t\t\t\t\t\t\t<h2><span style=\"text-decoration: underline;\">Pol\u00edtica de privacidad<\/span><\/h2>\n<p><strong data-start=\"316\" data-end=\"333\">\u00daltima actualizaci\u00f3n:<\/strong> 25.02.2026<\/p>\n<p><!-- \/wp:heading --><!-- wp:paragraph --><!-- \/wp:paragraph --><!-- wp:heading --><\/p>\n<hr style=\"background-color: #ffffff; font-family: 'Open Sans', sans-serif; font-size: 18px; font-weight: 400;\" data-start=\"595\" data-end=\"598\" \/>\n<h3 data-start=\"600\" data-end=\"611\">\u00a0<\/h3>\n<h3 style=\"color: #111111;\" data-start=\"600\" data-end=\"611\">1. Responsable del tratamiento<\/h3>\n<p data-start=\"381\" data-end=\"409\">Este sitio web es operado por:<\/p>\n<p data-start=\"411\" data-end=\"483\"><strong data-start=\"411\" data-end=\"428\">Claude Fessel<\/strong><br data-start=\"428\" data-end=\"431\" \/>F\u00f6hrlibuckstrasse 3<br data-start=\"450\" data-end=\"453\" \/>8600 D\u00fcbendorf<br data-start=\"467\" data-end=\"470\" \/>Suiza<\/p>\n<p data-start=\"485\" data-end=\"522\">Correo electr\u00f3nico: legal@salsamusicplaylist.com<\/p>\n<p data-start=\"524\" data-end=\"593\">SalsaMusicPlaylist opera como empresa individual bajo la legislaci\u00f3n suiza.<\/p>\n<hr data-start=\"595\" data-end=\"598\" \/>\n<h3 data-start=\"600\" data-end=\"611\">2. Alcance<\/h3>\n<p data-start=\"613\" data-end=\"737\">Esta Pol\u00edtica de Privacidad explica c\u00f3mo se recopilan y procesan los datos personales en relaci\u00f3n con el sitio web de SalsaMusicPlaylist.<\/p>\n<p data-start=\"739\" data-end=\"823\">Se aplica a usuarios en Suiza, en la Uni\u00f3n Europea y a nivel internacional.<\/p>\n<p data-start=\"825\" data-end=\"868\">El tratamiento se realiza de conformidad con:<\/p>\n<ul data-start=\"870\" data-end=\"970\">\n<li data-start=\"870\" data-end=\"923\">\n<p data-start=\"872\" data-end=\"923\">Ley Federal Suiza de Protecci\u00f3n de Datos (FADP \/ DSG)<\/p>\n<\/li>\n<li data-start=\"924\" data-end=\"970\">\n<p data-start=\"926\" data-end=\"970\">Reglamento General de Protecci\u00f3n de Datos de la Uni\u00f3n Europea (RGPD)<\/p>\n<\/li>\n<\/ul>\n<hr data-start=\"972\" data-end=\"975\" \/>\n<h3 data-start=\"977\" data-end=\"998\">3. Datos que recopilamos<\/h3>\n<p data-start=\"1000\" data-end=\"1059\">Solo recopilamos datos personales que usted nos proporciona de forma voluntaria.<\/p>\n<p data-start=\"1061\" data-end=\"1078\">Esto puede incluir:<\/p>\n<h4 data-start=\"1080\" data-end=\"1099\">a) Formulario de contacto<\/h4>\n<p data-start=\"1100\" data-end=\"1134\">When you submit a contact request:<\/p>\n<ul data-start=\"1135\" data-end=\"1175\">\n<li data-start=\"1135\" data-end=\"1141\">\n<p data-start=\"1137\" data-end=\"1141\">Nombre<\/p>\n<\/li>\n<li data-start=\"1142\" data-end=\"1157\">\n<p data-start=\"1144\" data-end=\"1157\">Direcci\u00f3n de correo electr\u00f3nico<\/p>\n<\/li>\n<li data-start=\"1158\" data-end=\"1175\">\n<p data-start=\"1160\" data-end=\"1175\">Contenido del mensaje<\/p>\n<\/li>\n<\/ul>\n<p data-start=\"1177\" data-end=\"1213\">Finalidad:<br \/>Para responder a su consulta.<\/p>\n<p data-start=\"1215\" data-end=\"1268\">Base legal:<br \/>Inter\u00e9s leg\u00edtimo (Art. 6(1)(f) RGPD).<\/p>\n<hr data-start=\"1270\" data-end=\"1273\" \/>\n<h4 data-start=\"1275\" data-end=\"1307\">b) Formulario de solicitud de NDA para inversores<\/h4>\n<p data-start=\"1308\" data-end=\"1340\">Al solicitar acceso para inversores:<\/p>\n<ul data-start=\"1341\" data-end=\"1430\">\n<li data-start=\"1341\" data-end=\"1347\">\n<p data-start=\"1343\" data-end=\"1347\">Nombre<\/p>\n<\/li>\n<li data-start=\"1348\" data-end=\"1363\">\n<p data-start=\"1350\" data-end=\"1363\">Direcci\u00f3n de correo electr\u00f3nico<\/p>\n<\/li>\n<li data-start=\"1364\" data-end=\"1394\">\n<p data-start=\"1366\" data-end=\"1394\">Organizaci\u00f3n (si corresponde)<\/p>\n<\/li>\n<li data-start=\"1395\" data-end=\"1430\">\n<p data-start=\"1397\" data-end=\"1430\">Mensaje o informaci\u00f3n adicional<\/p>\n<\/li>\n<\/ul>\n<p data-start=\"1432\" data-end=\"1500\">Finalidad:<br \/>Para evaluar y procesar solicitudes de acceso para inversores basadas en un NDA.<\/p>\n<p data-start=\"1502\" data-end=\"1586\">Base legal:<br \/>Medidas precontractuales (Art. 6(1)(b) RGPD)<br data-start=\"1559\" data-end=\"1562\" \/>y el inter\u00e9s leg\u00edtimo.<\/p>\n<hr data-start=\"1588\" data-end=\"1591\" \/>\n<h4 data-start=\"1593\" data-end=\"1625\">c) Pagos de apoyo (PayPal)<\/h4>\n<p data-start=\"1627\" data-end=\"1662\">Al realizar una contribuci\u00f3n de apoyo:<\/p>\n<ul data-start=\"1663\" data-end=\"1787\">\n<li data-start=\"1663\" data-end=\"1717\">\n<p data-start=\"1665\" data-end=\"1717\">La informaci\u00f3n de pago es procesada directamente por PayPal.<\/p>\n<\/li>\n<li data-start=\"1718\" data-end=\"1787\">\n<p data-start=\"1720\" data-end=\"1787\">Podemos recibir la confirmaci\u00f3n del pago y su nombre y direcci\u00f3n de correo electr\u00f3nico.<\/p>\n<\/li>\n<\/ul>\n<p data-start=\"1789\" data-end=\"1844\">Finalidad:<br \/>Para procesar y confirmar su apoyo voluntario.<\/p>\n<p data-start=\"1846\" data-end=\"1901\">Base legal:<br \/>Ejecuci\u00f3n contractual (Art. 6(1)(b) RGPD).<\/p>\n<p data-start=\"1903\" data-end=\"1961\">PayPal procesa los datos de acuerdo con su propia Pol\u00edtica de Privacidad.<\/p>\n<hr data-start=\"1963\" data-end=\"1966\" \/>\n<h3 data-start=\"1968\" data-end=\"1981\">4. Alojamiento web<\/h3>\n<p data-start=\"1983\" data-end=\"2019\">Este sitio web est\u00e1 alojado en Hostinger.<\/p>\n<p data-start=\"2021\" data-end=\"2075\">Los servidores de alojamiento se encuentran dentro de la Uni\u00f3n Europea.<\/p>\n<p data-start=\"2077\" data-end=\"2187\">Los proveedores de alojamiento pueden procesar datos t\u00e9cnicos (por ejemplo, direcciones IP y archivos de registro) para garantizar la seguridad y la estabilidad.<\/p>\n<p data-start=\"2189\" data-end=\"2250\">Base legal:<br \/>Inter\u00e9s leg\u00edtimo en el funcionamiento seguro del sitio web.<\/p>\n<hr data-start=\"2252\" data-end=\"2255\" \/>\n<h3 data-start=\"2257\" data-end=\"2275\">5. Cesi\u00f3n de datos<\/h3>\n<p data-start=\"2277\" data-end=\"2345\">Los datos personales no se venden, alquilan ni se comparten con fines de marketing.<\/p>\n<p data-start=\"2347\" data-end=\"2376\">Los datos solo pueden compartirse con:<\/p>\n<ul data-start=\"2378\" data-end=\"2478\">\n<li data-start=\"2378\" data-end=\"2408\">\n<p data-start=\"2380\" data-end=\"2408\">Proveedor de alojamiento (Hostinger)<\/p>\n<\/li>\n<li data-start=\"2409\" data-end=\"2437\">\n<p data-start=\"2411\" data-end=\"2437\">Proveedor de pagos (PayPal)<\/p>\n<\/li>\n<li data-start=\"2438\" data-end=\"2478\">\n<p data-start=\"2440\" data-end=\"2478\">Autoridades, si as\u00ed lo exige la ley<\/p>\n<\/li>\n<\/ul>\n<p data-start=\"2480\" data-end=\"2534\">No se realiza elaboraci\u00f3n de perfiles ni toma de decisiones automatizadas.<\/p>\n<hr data-start=\"2536\" data-end=\"2539\" \/>\n<h3 data-start=\"2541\" data-end=\"2566\">6. Usuarios internacionales<\/h3>\n<p data-start=\"2568\" data-end=\"2683\">Si accede a este sitio web desde fuera de Suiza o de la UE, sus datos pueden ser procesados en Suiza o en la Uni\u00f3n Europea.<\/p>\n<p data-start=\"2685\" data-end=\"2738\">Al utilizar este sitio web, usted reconoce dicha transferencia.<\/p>\n<hr data-start=\"2740\" data-end=\"2743\" \/>\n<h3 data-start=\"2745\" data-end=\"2765\">7. Conservaci\u00f3n de datos<\/h3>\n<p data-start=\"2767\" data-end=\"2822\">Los datos personales se conservan \u00fanicamente durante el tiempo necesario para:<\/p>\n<ul data-start=\"2824\" data-end=\"2906\">\n<li data-start=\"2824\" data-end=\"2846\">\n<p data-start=\"2826\" data-end=\"2846\">Responder a consultas<\/p>\n<\/li>\n<li data-start=\"2847\" data-end=\"2874\">\n<p data-start=\"2849\" data-end=\"2874\">Cumplir con obligaciones legales<\/p>\n<\/li>\n<li data-start=\"2875\" data-end=\"2906\">\n<p data-start=\"2877\" data-end=\"2906\">Mantener una documentaci\u00f3n adecuada<\/p>\n<\/li>\n<\/ul>\n<p data-start=\"2908\" data-end=\"2999\">Los datos relacionados con la comunicaci\u00f3n con inversores pueden conservarse con fines de documentaci\u00f3n empresarial.<\/p>\n<hr data-start=\"3001\" data-end=\"3004\" \/>\n<h3 data-start=\"3006\" data-end=\"3023\">8. Sus derechos<\/h3>\n<p data-start=\"3025\" data-end=\"3090\">De acuerdo con las leyes de protecci\u00f3n de datos aplicables, usted puede tener el derecho a:<\/p>\n<ul data-start=\"3092\" data-end=\"3241\">\n<li data-start=\"3092\" data-end=\"3110\">\n<p data-start=\"3094\" data-end=\"3110\">Acceder a sus datos<\/p>\n<\/li>\n<li data-start=\"3111\" data-end=\"3131\">\n<p data-start=\"3113\" data-end=\"3131\">Solicitar la correcci\u00f3n<\/p>\n<\/li>\n<li data-start=\"3132\" data-end=\"3150\">\n<p data-start=\"3134\" data-end=\"3150\">Solicitar la eliminaci\u00f3n<\/p>\n<\/li>\n<li data-start=\"3151\" data-end=\"3172\">\n<p data-start=\"3153\" data-end=\"3172\">Restringir el tratamiento<\/p>\n<\/li>\n<li data-start=\"3173\" data-end=\"3195\">\n<p data-start=\"3175\" data-end=\"3195\">Oponerse al tratamiento<\/p>\n<\/li>\n<li data-start=\"3196\" data-end=\"3241\">\n<p data-start=\"3198\" data-end=\"3241\">Solicitar la portabilidad de los datos (cuando corresponda)<\/p>\n<\/li>\n<\/ul>\n<p data-start=\"3243\" data-end=\"3267\">Las solicitudes pueden enviarse a:<\/p>\n<p data-start=\"3269\" data-end=\"3297\"><a rel=\"noopener\" data-start=\"3269\" data-end=\"3297\">Correo electr\u00f3nico: legal@salsamusicplaylist.com<\/a><\/p>\n<hr data-start=\"3299\" data-end=\"3302\" \/>\n<h3 data-start=\"3304\" data-end=\"3318\">9. Seguridad<\/h3>\n<p data-start=\"3320\" data-end=\"3473\">Se adoptan medidas t\u00e9cnicas y organizativas adecuadas para proteger los datos personales contra el acceso no autorizado, la modificaci\u00f3n, la divulgaci\u00f3n o la destrucci\u00f3n.<\/p>\n<hr data-start=\"3475\" data-end=\"3478\" \/>\n<h3 data-start=\"3480\" data-end=\"3494\">10. Cambios<\/h3>\n<p data-start=\"3496\" data-end=\"3571\">Esta Pol\u00edtica de Privacidad puede actualizarse para reflejar cambios legales u operativos.<\/p>\n<p data-start=\"3573\" data-end=\"3633\">La versi\u00f3n m\u00e1s reciente siempre se publicar\u00e1 en este sitio web.<\/p>\t\t\t\t\t\t\t\t<\/div>\n\t\t\t\t\t<\/div>\n\t\t\t\t<\/div>\n\t\t\t\t<\/div>\n\t\t\t\t<\/div>","protected":false},"excerpt":{"rendered":"<p>Privacy Policy Last updated: 25.02.2026 \u00a0 1. Data Controller This website is operated by: Claude FesselF\u00f6hrlibuckstrasse 38600 D\u00fcbendorfSwitzerland Email: legal@salsamusicplaylist.com SalsaMusicPlaylist operates as a sole proprietorship under Swiss law. 2. Scope This Privacy Policy explains how personal data is collected and processed in connection with the SalsaMusicPlaylist website. It applies to users located in Switzerland, [&hellip;]<\/p>\n","protected":false},"author":1,"featured_media":0,"parent":0,"menu_order":0,"comment_status":"closed","ping_status":"open","template":"","meta":{"footnotes":""},"class_list":["post-3","page","type-page","status-publish","hentry"],"_hostinger_reach_plugin_has_subscription_block":false,"_hostinger_reach_plugin_is_elementor":false,"_links":{"self":[{"href":"https:\/\/salsamusicplaylist.com\/es\/wp-json\/wp\/v2\/pages\/3","targetHints":{"allow":["GET"]}}],"collection":[{"href":"https:\/\/salsamusicplaylist.com\/es\/wp-json\/wp\/v2\/pages"}],"about":[{"href":"https:\/\/salsamusicplaylist.com\/es\/wp-json\/wp\/v2\/types\/page"}],"author":[{"embeddable":true,"href":"https:\/\/salsamusicplaylist.com\/es\/wp-json\/wp\/v2\/users\/1"}],"replies":[{"embeddable":true,"href":"https:\/\/salsamusicplaylist.com\/es\/wp-json\/wp\/v2\/comments?post=3"}],"version-history":[{"count":18,"href":"https:\/\/salsamusicplaylist.com\/es\/wp-json\/wp\/v2\/pages\/3\/revisions"}],"predecessor-version":[{"id":748,"href":"https:\/\/salsamusicplaylist.com\/es\/wp-json\/wp\/v2\/pages\/3\/revisions\/748"}],"wp:attachment":[{"href":"https:\/\/salsamusicplaylist.com\/es\/wp-json\/wp\/v2\/media?parent=3"}],"curies":[{"name":"wp","href":"https:\/\/api.w.org\/{rel}","templated":true}]}}