{"id":3,"date":"2026-01-28T14:37:03","date_gmt":"2026-01-28T14:37:03","guid":{"rendered":"http:\/\/salsamusicplaylist.com\/?page_id=3"},"modified":"2026-02-25T21:01:40","modified_gmt":"2026-02-25T21:01:40","slug":"privacy-policy","status":"publish","type":"page","link":"https:\/\/salsamusicplaylist.com\/de\/privacy-policy\/","title":{"rendered":"Datenschutzerkl\u00e4rung"},"content":{"rendered":"<div data-elementor-type=\"wp-page\" data-elementor-id=\"3\" class=\"elementor elementor-3\" data-elementor-post-type=\"page\">\n\t\t\t\t<div class=\"elementor-element elementor-element-5435d6d5 e-con-full e-flex e-con e-parent\" data-id=\"5435d6d5\" data-element_type=\"container\" data-e-type=\"container\">\n\t\t<div class=\"elementor-element elementor-element-af03f62 e-flex e-con-boxed e-con e-child\" data-id=\"af03f62\" data-element_type=\"container\" data-e-type=\"container\">\n\t\t\t\t\t<div class=\"e-con-inner\">\n\t\t\t\t<div class=\"elementor-element elementor-element-6ac10f97 elementor-widget elementor-widget-text-editor\" data-id=\"6ac10f97\" data-element_type=\"widget\" data-e-type=\"widget\" data-widget_type=\"text-editor.default\">\n\t\t\t\t\t\t\t\t\t<h2><span style=\"text-decoration: underline;\">Datenschutzerkl\u00e4rung<\/span><\/h2>\n<p><strong data-start=\"316\" data-end=\"333\">Zuletzt aktualisiert:<\/strong> 25.02.2026<\/p>\n<p><!-- \/wp:heading --><!-- wp:paragraph --><!-- \/wp:paragraph --><!-- wp:heading --><\/p>\n<hr style=\"background-color: #ffffff; font-family: 'Open Sans', sans-serif; font-size: 18px; font-weight: 400;\" data-start=\"595\" data-end=\"598\" \/>\n<h3 data-start=\"600\" data-end=\"611\">\u00a0<\/h3>\n<h3 style=\"color: #111111;\" data-start=\"600\" data-end=\"611\">1. Verantwortlicher<\/h3>\n<p data-start=\"381\" data-end=\"409\">Diese Website wird betrieben von:<\/p>\n<p data-start=\"411\" data-end=\"483\"><strong data-start=\"411\" data-end=\"428\">Claude Fessel<\/strong><br data-start=\"428\" data-end=\"431\" \/>F\u00f6hrlibuckstrasse 3<br data-start=\"450\" data-end=\"453\" \/>8600 D\u00fcbendorf<br data-start=\"467\" data-end=\"470\" \/>Schweiz<\/p>\n<p data-start=\"485\" data-end=\"522\">E-Mail: legal@salsamusicplaylist.com<\/p>\n<p data-start=\"524\" data-end=\"593\">SalsaMusicPlaylist wird als Einzelunternehmen nach Schweizer Recht gef\u00fchrt.<\/p>\n<hr data-start=\"595\" data-end=\"598\" \/>\n<h3 data-start=\"600\" data-end=\"611\">2. Geltungsbereich<\/h3>\n<p data-start=\"613\" data-end=\"737\">Diese Datenschutzerkl\u00e4rung erkl\u00e4rt, wie personenbezogene Daten im Zusammenhang mit der Website von SalsaMusicPlaylist erhoben und verarbeitet werden.<\/p>\n<p data-start=\"739\" data-end=\"823\">Sie gilt f\u00fcr Nutzerinnen und Nutzer in der Schweiz, in der Europ\u00e4ischen Union und international.<\/p>\n<p data-start=\"825\" data-end=\"868\">Die Verarbeitung erfolgt in \u00dcbereinstimmung mit:<\/p>\n<ul data-start=\"870\" data-end=\"970\">\n<li data-start=\"870\" data-end=\"923\">\n<p data-start=\"872\" data-end=\"923\">Schweizer Bundesgesetz \u00fcber den Datenschutz (DSG)<\/p>\n<\/li>\n<li data-start=\"924\" data-end=\"970\">\n<p data-start=\"926\" data-end=\"970\">EU-Datenschutz-Grundverordnung (DSGVO)<\/p>\n<\/li>\n<\/ul>\n<hr data-start=\"972\" data-end=\"975\" \/>\n<h3 data-start=\"977\" data-end=\"998\">3. Welche Daten wir erheben<\/h3>\n<p data-start=\"1000\" data-end=\"1059\">Wir erfassen nur personenbezogene Daten, die Sie uns freiwillig zur Verf\u00fcgung stellen.<\/p>\n<p data-start=\"1061\" data-end=\"1078\">Dies kann Folgendes umfassen:<\/p>\n<h4 data-start=\"1080\" data-end=\"1099\">a) Kontaktformular<\/h4>\n<p data-start=\"1100\" data-end=\"1134\">When you submit a contact request:<\/p>\n<ul data-start=\"1135\" data-end=\"1175\">\n<li data-start=\"1135\" data-end=\"1141\">\n<p data-start=\"1137\" data-end=\"1141\">Name<\/p>\n<\/li>\n<li data-start=\"1142\" data-end=\"1157\">\n<p data-start=\"1144\" data-end=\"1157\">E-Mail-Adresse<\/p>\n<\/li>\n<li data-start=\"1158\" data-end=\"1175\">\n<p data-start=\"1160\" data-end=\"1175\">Inhalt der Nachricht<\/p>\n<\/li>\n<\/ul>\n<p data-start=\"1177\" data-end=\"1213\">Zweck:<br \/>Zur Beantwortung Ihrer Anfrage.<\/p>\n<p data-start=\"1215\" data-end=\"1268\">Rechtsgrundlage:<br \/>Berechtigtes Interesse (Art. 6 Abs. 1 lit. f DSGVO).<\/p>\n<hr data-start=\"1270\" data-end=\"1273\" \/>\n<h4 data-start=\"1275\" data-end=\"1307\">b) Investoren-NDA-Anfrageformular<\/h4>\n<p data-start=\"1308\" data-end=\"1340\">Bei der Anfrage nach Investoren-Zugang:<\/p>\n<ul data-start=\"1341\" data-end=\"1430\">\n<li data-start=\"1341\" data-end=\"1347\">\n<p data-start=\"1343\" data-end=\"1347\">Name<\/p>\n<\/li>\n<li data-start=\"1348\" data-end=\"1363\">\n<p data-start=\"1350\" data-end=\"1363\">E-Mail-Adresse<\/p>\n<\/li>\n<li data-start=\"1364\" data-end=\"1394\">\n<p data-start=\"1366\" data-end=\"1394\">Organisation (falls zutreffend)<\/p>\n<\/li>\n<li data-start=\"1395\" data-end=\"1430\">\n<p data-start=\"1397\" data-end=\"1430\">Nachricht oder zus\u00e4tzliche Informationen<\/p>\n<\/li>\n<\/ul>\n<p data-start=\"1432\" data-end=\"1500\">Zweck:<br \/>Zur Pr\u00fcfung und Bearbeitung von Investorenanfragen auf Basis eines NDA.<\/p>\n<p data-start=\"1502\" data-end=\"1586\">Rechtsgrundlage:<br \/>Vorvertragliche Ma\u00dfnahmen (Art. 6 Abs. 1 lit. b DSGVO)<br data-start=\"1559\" data-end=\"1562\" \/>und berechtigtes Interesse.<\/p>\n<hr data-start=\"1588\" data-end=\"1591\" \/>\n<h4 data-start=\"1593\" data-end=\"1625\">c) Unterst\u00fctzungszahlungen (PayPal)<\/h4>\n<p data-start=\"1627\" data-end=\"1662\">Bei einer Unterst\u00fctzungszahlung:<\/p>\n<ul data-start=\"1663\" data-end=\"1787\">\n<li data-start=\"1663\" data-end=\"1717\">\n<p data-start=\"1665\" data-end=\"1717\">Die Zahlungsinformationen werden direkt von PayPal verarbeitet.<\/p>\n<\/li>\n<li data-start=\"1718\" data-end=\"1787\">\n<p data-start=\"1720\" data-end=\"1787\">Wir erhalten m\u00f6glicherweise eine Zahlungsbest\u00e4tigung sowie Ihren Namen und Ihre E-Mail-Adresse.<\/p>\n<\/li>\n<\/ul>\n<p data-start=\"1789\" data-end=\"1844\">Zweck:<br \/>Zur Verarbeitung und Best\u00e4tigung Ihrer freiwilligen Unterst\u00fctzung.<\/p>\n<p data-start=\"1846\" data-end=\"1901\">Rechtsgrundlage:<br \/>Vertragserf\u00fcllung (Art. 6 Abs. 1 lit. b DSGVO).<\/p>\n<p data-start=\"1903\" data-end=\"1961\">PayPal verarbeitet Daten gem\u00e4\u00df seiner eigenen Datenschutzerkl\u00e4rung.<\/p>\n<hr data-start=\"1963\" data-end=\"1966\" \/>\n<h3 data-start=\"1968\" data-end=\"1981\">4. Hosting<\/h3>\n<p data-start=\"1983\" data-end=\"2019\">Diese Website wird bei Hostinger gehostet.<\/p>\n<p data-start=\"2021\" data-end=\"2075\">Die Hosting-Server befinden sich innerhalb der Europ\u00e4ischen Union.<\/p>\n<p data-start=\"2077\" data-end=\"2187\">Hosting-Anbieter k\u00f6nnen technische Daten (z. B. IP-Adressen, Log-Dateien) verarbeiten, um Sicherheit und Stabilit\u00e4t zu gew\u00e4hrleisten.<\/p>\n<p data-start=\"2189\" data-end=\"2250\">Rechtsgrundlage:<br \/>Berechtigtes Interesse am sicheren Betrieb der Website.<\/p>\n<hr data-start=\"2252\" data-end=\"2255\" \/>\n<h3 data-start=\"2257\" data-end=\"2275\">5. Weitergabe von Daten<\/h3>\n<p data-start=\"2277\" data-end=\"2345\">Personenbezogene Daten werden weder verkauft noch vermietet oder zu Marketingzwecken weitergegeben.<\/p>\n<p data-start=\"2347\" data-end=\"2376\">Daten werden nur weitergegeben an:<\/p>\n<ul data-start=\"2378\" data-end=\"2478\">\n<li data-start=\"2378\" data-end=\"2408\">\n<p data-start=\"2380\" data-end=\"2408\">Hosting-Anbieter (Hostinger)<\/p>\n<\/li>\n<li data-start=\"2409\" data-end=\"2437\">\n<p data-start=\"2411\" data-end=\"2437\">Zahlungsdienstleister (PayPal)<\/p>\n<\/li>\n<li data-start=\"2438\" data-end=\"2478\">\n<p data-start=\"2440\" data-end=\"2478\">Beh\u00f6rden, sofern gesetzlich erforderlich<\/p>\n<\/li>\n<\/ul>\n<p data-start=\"2480\" data-end=\"2534\">Es findet kein Profiling und keine automatisierte Entscheidungsfindung statt.<\/p>\n<hr data-start=\"2536\" data-end=\"2539\" \/>\n<h3 data-start=\"2541\" data-end=\"2566\">6. Internationale Nutzer<\/h3>\n<p data-start=\"2568\" data-end=\"2683\">Wenn Sie diese Website von au\u00dferhalb der Schweiz oder der EU aufrufen, k\u00f6nnen Ihre Daten in der Schweiz oder in der EU verarbeitet werden.<\/p>\n<p data-start=\"2685\" data-end=\"2738\">Durch die Nutzung dieser Website erkennen Sie eine solche \u00dcbertragung an.<\/p>\n<hr data-start=\"2740\" data-end=\"2743\" \/>\n<h3 data-start=\"2745\" data-end=\"2765\">7. Speicherdauer<\/h3>\n<p data-start=\"2767\" data-end=\"2822\">Personenbezogene Daten werden nur so lange gespeichert, wie es erforderlich ist, um:<\/p>\n<ul data-start=\"2824\" data-end=\"2906\">\n<li data-start=\"2824\" data-end=\"2846\">\n<p data-start=\"2826\" data-end=\"2846\">Anfragen zu beantworten<\/p>\n<\/li>\n<li data-start=\"2847\" data-end=\"2874\">\n<p data-start=\"2849\" data-end=\"2874\">Gesetzliche Verpflichtungen zu erf\u00fcllen<\/p>\n<\/li>\n<li data-start=\"2875\" data-end=\"2906\">\n<p data-start=\"2877\" data-end=\"2906\">Eine ordnungsgem\u00e4\u00dfe Dokumentation zu f\u00fchren<\/p>\n<\/li>\n<\/ul>\n<p data-start=\"2908\" data-end=\"2999\">Daten im Zusammenhang mit der Investorenkommunikation k\u00f6nnen zu Dokumentationszwecken im Rahmen der Gesch\u00e4ftst\u00e4tigkeit gespeichert werden.<\/p>\n<hr data-start=\"3001\" data-end=\"3004\" \/>\n<h3 data-start=\"3006\" data-end=\"3023\">8. Ihre Rechte<\/h3>\n<p data-start=\"3025\" data-end=\"3090\">Nach den geltenden Datenschutzgesetzen haben Sie m\u00f6glicherweise das Recht:<\/p>\n<ul data-start=\"3092\" data-end=\"3241\">\n<li data-start=\"3092\" data-end=\"3110\">\n<p data-start=\"3094\" data-end=\"3110\">Auskunft \u00fcber Ihre Daten zu erhalten<\/p>\n<\/li>\n<li data-start=\"3111\" data-end=\"3131\">\n<p data-start=\"3113\" data-end=\"3131\">Berichtigung zu verlangen<\/p>\n<\/li>\n<li data-start=\"3132\" data-end=\"3150\">\n<p data-start=\"3134\" data-end=\"3150\">L\u00f6schung zu verlangen<\/p>\n<\/li>\n<li data-start=\"3151\" data-end=\"3172\">\n<p data-start=\"3153\" data-end=\"3172\">Die Verarbeitung einzuschr\u00e4nken<\/p>\n<\/li>\n<li data-start=\"3173\" data-end=\"3195\">\n<p data-start=\"3175\" data-end=\"3195\">Widerspruch gegen die Verarbeitung einzulegen<\/p>\n<\/li>\n<li data-start=\"3196\" data-end=\"3241\">\n<p data-start=\"3198\" data-end=\"3241\">Daten\u00fcbertragbarkeit zu verlangen (sofern anwendbar)<\/p>\n<\/li>\n<\/ul>\n<p data-start=\"3243\" data-end=\"3267\">Anfragen k\u00f6nnen gesendet werden an:<\/p>\n<p data-start=\"3269\" data-end=\"3297\"><a rel=\"noopener\" data-start=\"3269\" data-end=\"3297\">E-Mail: legal@salsamusicplaylist.com<\/a><\/p>\n<hr data-start=\"3299\" data-end=\"3302\" \/>\n<h3 data-start=\"3304\" data-end=\"3318\">9. Sicherheit<\/h3>\n<p data-start=\"3320\" data-end=\"3473\">Es werden angemessene technische und organisatorische Ma\u00dfnahmen getroffen, um personenbezogene Daten vor unbefugtem Zugriff, Ver\u00e4nderung, Offenlegung oder Zerst\u00f6rung zu sch\u00fctzen.<\/p>\n<hr data-start=\"3475\" data-end=\"3478\" \/>\n<h3 data-start=\"3480\" data-end=\"3494\">10. \u00c4nderungen<\/h3>\n<p data-start=\"3496\" data-end=\"3571\">Diese Datenschutzerkl\u00e4rung kann aktualisiert werden, um rechtliche oder betriebliche \u00c4nderungen zu ber\u00fccksichtigen.<\/p>\n<p data-start=\"3573\" data-end=\"3633\">Die jeweils aktuelle Version wird stets auf dieser Website ver\u00f6ffentlicht.<\/p>\t\t\t\t\t\t\t\t<\/div>\n\t\t\t\t\t<\/div>\n\t\t\t\t<\/div>\n\t\t\t\t<\/div>\n\t\t\t\t<\/div>","protected":false},"excerpt":{"rendered":"<p>Privacy Policy Last updated: 25.02.2026 \u00a0 1. Data Controller This website is operated by: Claude FesselF\u00f6hrlibuckstrasse 38600 D\u00fcbendorfSwitzerland Email: legal@salsamusicplaylist.com SalsaMusicPlaylist operates as a sole proprietorship under Swiss law. 2. Scope This Privacy Policy explains how personal data is collected and processed in connection with the SalsaMusicPlaylist website. It applies to users located in Switzerland, [&hellip;]<\/p>\n","protected":false},"author":1,"featured_media":0,"parent":0,"menu_order":0,"comment_status":"closed","ping_status":"open","template":"","meta":{"footnotes":""},"class_list":["post-3","page","type-page","status-publish","hentry"],"_hostinger_reach_plugin_has_subscription_block":false,"_hostinger_reach_plugin_is_elementor":false,"_links":{"self":[{"href":"https:\/\/salsamusicplaylist.com\/de\/wp-json\/wp\/v2\/pages\/3","targetHints":{"allow":["GET"]}}],"collection":[{"href":"https:\/\/salsamusicplaylist.com\/de\/wp-json\/wp\/v2\/pages"}],"about":[{"href":"https:\/\/salsamusicplaylist.com\/de\/wp-json\/wp\/v2\/types\/page"}],"author":[{"embeddable":true,"href":"https:\/\/salsamusicplaylist.com\/de\/wp-json\/wp\/v2\/users\/1"}],"replies":[{"embeddable":true,"href":"https:\/\/salsamusicplaylist.com\/de\/wp-json\/wp\/v2\/comments?post=3"}],"version-history":[{"count":18,"href":"https:\/\/salsamusicplaylist.com\/de\/wp-json\/wp\/v2\/pages\/3\/revisions"}],"predecessor-version":[{"id":748,"href":"https:\/\/salsamusicplaylist.com\/de\/wp-json\/wp\/v2\/pages\/3\/revisions\/748"}],"wp:attachment":[{"href":"https:\/\/salsamusicplaylist.com\/de\/wp-json\/wp\/v2\/media?parent=3"}],"curies":[{"name":"wp","href":"https:\/\/api.w.org\/{rel}","templated":true}]}}